{"id":5397,"date":"2016-09-24T11:08:14","date_gmt":"2016-09-24T11:08:14","guid":{"rendered":"http:\/\/www.vilas.cat\/wp\/?page_id=5397"},"modified":"2016-10-01T05:51:35","modified_gmt":"2016-10-01T05:51:35","slug":"japo","status":"publish","type":"page","link":"https:\/\/www.vilas.cat\/wp\/japo\/","title":{"rendered":"Jap\u00f3 Agost 2016"},"content":{"rendered":"<p>Unes fotografies de resum de quasi tres setmanes al Jap\u00f3 amb la N\u00faria, la Montse, el Xavi, l&#8217;Alba, el Guillem, el Pere i el Jordi.<\/p>\n","protected":false},"excerpt":{"rendered":"<p>Unes fotografies de resum de quasi tres setmanes al Jap\u00f3 amb la N\u00faria, la Montse, el Xavi, l&#8217;Alba, el Guillem, el Pere i el Jordi.<\/p>\n","protected":false},"author":1,"featured_media":0,"parent":0,"menu_order":0,"comment_status":"closed","ping_status":"closed","template":"template-grid-gallery.php","meta":{"footnotes":""},"class_list":["post-5397","page","type-page","status-publish","hentry"],"_links":{"self":[{"href":"https:\/\/www.vilas.cat\/wp\/wp-json\/wp\/v2\/pages\/5397","targetHints":{"allow":["GET"]}}],"collection":[{"href":"https:\/\/www.vilas.cat\/wp\/wp-json\/wp\/v2\/pages"}],"about":[{"href":"https:\/\/www.vilas.cat\/wp\/wp-json\/wp\/v2\/types\/page"}],"author":[{"embeddable":true,"href":"https:\/\/www.vilas.cat\/wp\/wp-json\/wp\/v2\/users\/1"}],"replies":[{"embeddable":true,"href":"https:\/\/www.vilas.cat\/wp\/wp-json\/wp\/v2\/comments?post=5397"}],"version-history":[{"count":6,"href":"https:\/\/www.vilas.cat\/wp\/wp-json\/wp\/v2\/pages\/5397\/revisions"}],"predecessor-version":[{"id":5801,"href":"https:\/\/www.vilas.cat\/wp\/wp-json\/wp\/v2\/pages\/5397\/revisions\/5801"}],"wp:attachment":[{"href":"https:\/\/www.vilas.cat\/wp\/wp-json\/wp\/v2\/media?parent=5397"}],"curies":[{"name":"wp","href":"https:\/\/api.w.org\/{rel}","templated":true}]}}